{"id":24,"date":"2022-03-02T16:48:31","date_gmt":"2022-03-02T16:48:31","guid":{"rendered":"https:\/\/botoesdino.com\/?page_id=24"},"modified":"2022-03-08T16:13:28","modified_gmt":"2022-03-08T16:13:28","slug":"botoes-dino","status":"publish","type":"page","link":"https:\/\/botoesdino.com\/","title":{"rendered":"Bot\u00f5es Dino"},"content":{"rendered":"\t\t<div data-elementor-type=\"wp-page\" data-elementor-id=\"24\" class=\"elementor elementor-24\" data-elementor-settings=\"[]\">\n\t\t\t\t\t\t\t<div class=\"elementor-section-wrap\">\n\t\t\t\t\t\t\t<section class=\"elementor-section elementor-top-section elementor-element elementor-element-7e911b9 elementor-section-boxed elementor-section-height-default elementor-section-height-default\" data-id=\"7e911b9\" data-element_type=\"section\">\n\t\t\t\t\t\t<div class=\"elementor-container elementor-column-gap-default\">\n\t\t\t\t\t<div class=\"elementor-column elementor-col-100 elementor-top-column elementor-element elementor-element-7cfcdc5\" data-id=\"7cfcdc5\" data-element_type=\"column\">\n\t\t\t<div class=\"elementor-widget-wrap elementor-element-populated\">\n\t\t\t\t\t\t\t\t<div class=\"elementor-element elementor-element-1af2485 bdt-ps-blur-effect--yes elementor-widget elementor-widget-prime-slider-dragon\" data-id=\"1af2485\" data-element_type=\"widget\" data-widget_type=\"prime-slider-dragon.default\">\n\t\t\t\t<div class=\"elementor-widget-container\">\n\t\t\t\t\t\t<div class=\"bdt-prime-slider\">\n\t\t\t\t<div class=\"bdt-prime-slider-dragon\">\n\n\t\t\t\t<div class=\"bdt-position-relative bdt-visible-toggle\" bdt-slideshow=\"{&quot;animation&quot;:&quot;fade&quot;,&quot;ratio&quot;:&quot;16:9&quot;,&quot;min-height&quot;:480,&quot;autoplay&quot;:true,&quot;autoplay-interval&quot;:7000,&quot;pause-on-hover&quot;:false}\">\n\n\t\t\t\t\t<ul class=\"bdt-slideshow-items\">\n\t\t\n            <li class=\"bdt-slideshow-item bdt-flex bdt-flex-middle elementor-repeater-item-a06ca9e\">\n\n\t\t\t\t<div class=\"bdt-ps-dragon-bg\">\n\t\t\t\t\t\n\t\t<div class=\"bdt-ps-slide-img\" style=\"background-image: url('https:\/\/botoesdino.com\/wp-content\/uploads\/2022\/03\/kanzashi-2423058.jpg')\"><\/div>\n\n\t\t\t\t\t\t<\/div>\n\n\t\t\t\t<div class=\"bdt-ps-dragon-slide-image\">\n\t\t\t\t\t\n\t\t<div class=\"bdt-ps-slide-img\" style=\"background-image: url('https:\/\/botoesdino.com\/wp-content\/uploads\/2022\/03\/kanzashi-2423058.jpg')\"><\/div>\n\n\t\t\t\t\t\t<\/div>\n\n\t\t\t\t\t\t\t\t\n\t\t\t\t\t\t\t<div class=\"bdt-prime-slider-wrapper\">\n\t\t\t\t<div class=\"bdt-prime-slider-content\">\n\n\t\t\t\t\t\t\t\t\t\t\t<div class=\"bdt-sub-title\">\n\t\t\t\t\t\t\t<h4 class=\"bdt-sub-title-inner\" bdt-slideshow-parallax=\"x: 100,-100; opacity: 1,1,0\">\n\t\t\t\t\t\t\t\tO acrescento perfeito\t\t\t\t\t\t\t<\/h4>\n\t\t\t\t\t\t<\/div>\n\t\t\t\t\t\n\t\t\t\t\t\t\t\t\t\t\t<div class=\"bdt-main-title\">\n\t\t\t\t\t\t\t<h1 class=\"bdt-title-tag\"  bdt-slideshow-parallax=\"x: 200,-200; opacity: 1,1,0\">\n\t\t\t\t\t\t\t\t\t\t\t\t\t\t\t\t\t<a href=\"https:\/\/botoesdino.com\/?page_id=21\">\n\t\t\t\t\t\t\t\t\t\t\t\t\t\t\t\t\t\t<span class=\"frist-word\">Acess\u00f3rios<\/span> \t\t\t\t\t\t\t\t\t\t\t\t\t\t\t\t\t\t<\/a>\n\t\t\t\t\t\t\t\t\t\t\t\t\t\t\t<\/h1>\n\t\t\t\t\t\t<\/div>\n\t\t\t\t\t\n\t\t\t\t\t\t\t\t\t\t\t<div class=\"bdt-slider-excerpt\" bdt-slideshow-parallax=\"x: 300,-300; opacity: 1,1,0\">\n\t\t\t\t\t\t\t<p>O acabamento fundamental para as suas pe\u00e7as.<\/p>\t\t\t\t\t\t<\/div>\n\t\t\t\t\t\n\t\t\t\t\t<div bdt-slideshow-parallax=\"x: 400,-400; opacity: 1,1,0\">\n\t\t\t\t\t\t\n\t\t\n\t\t\t<a class=\"bdt-ps-dragon-button\" href=\"https:\/\/botoesdino.com\/?page_id=21\">\n\n\t\t\t\t\t\t\t\t\n\t\t\t\t<div class=\"bdt-ps-button\">\n\t\t\t\t\t<div class=\"bdt-ps-button-text\">Acess\u00f3rios<\/div>\n\t\t\t\t\t\n\t\t\t\t\t<div class=\"bdt-ps-button-wrapper\">\n\t\t\t\t\t\t<div class=\"bdt-ps-button-arrow\"><\/div>\n\t\t\t\t\t\t<div class=\"bdt-ps-button-border-circle\"><\/div>\n\t\t\t\t\t\t<div class=\"bdt-ps-button-mask-circle\">\n\t\t\t\t\t\t<div class=\"bdt-ps-button-small-circle\"><\/div>\n\t\t\t\t\t\t<\/div>\n\t\t\t\t\t<\/div>\n\t\t\t\t<\/div>\n\n\t\t\t<\/a>\n\t\t\t\t\t\t\t<\/div>\n\t\t\t\t\t\t\n\t\t\t\t<\/div>\n\t\t\t<\/div>\n\n        \n            <\/li>\n\n        \n            <li class=\"bdt-slideshow-item bdt-flex bdt-flex-middle elementor-repeater-item-9ceb960\">\n\n\t\t\t\t<div class=\"bdt-ps-dragon-bg\">\n\t\t\t\t\t\n\t\t<div class=\"bdt-ps-slide-img\" style=\"background-image: url('https:\/\/botoesdino.com\/wp-content\/uploads\/2022\/03\/suit-2619320_1280.jpg')\"><\/div>\n\n\t\t\t\t\t\t<\/div>\n\n\t\t\t\t<div class=\"bdt-ps-dragon-slide-image\">\n\t\t\t\t\t\n\t\t<div class=\"bdt-ps-slide-img\" style=\"background-image: url('https:\/\/botoesdino.com\/wp-content\/uploads\/2022\/03\/suit-2619320_1280.jpg')\"><\/div>\n\n\t\t\t\t\t\t<\/div>\n\n\t\t\t\t\t\t\t\t\n\t\t\t\t\t\t\t<div class=\"bdt-prime-slider-wrapper\">\n\t\t\t\t<div class=\"bdt-prime-slider-content\">\n\n\t\t\t\t\t\t\t\t\t\t\t<div class=\"bdt-sub-title\">\n\t\t\t\t\t\t\t<h4 class=\"bdt-sub-title-inner\" bdt-slideshow-parallax=\"x: 100,-100; opacity: 1,1,0\">\n\t\t\t\t\t\t\t\ta qualidade que diferencia\t\t\t\t\t\t\t<\/h4>\n\t\t\t\t\t\t<\/div>\n\t\t\t\t\t\n\t\t\t\t\t\t\t\t\t\t\t<div class=\"bdt-main-title\">\n\t\t\t\t\t\t\t<h1 class=\"bdt-title-tag\"  bdt-slideshow-parallax=\"x: 200,-200; opacity: 1,1,0\">\n\t\t\t\t\t\t\t\t\t\t\t\t\t\t\t\t\t<a href=\"https:\/\/botoesdino.com\/?page_id=17\">\n\t\t\t\t\t\t\t\t\t\t\t\t\t\t\t\t\t\t<span class=\"frist-word\">Bot\u00f5es<\/span> \t\t\t\t\t\t\t\t\t\t\t\t\t\t\t\t\t\t<\/a>\n\t\t\t\t\t\t\t\t\t\t\t\t\t\t\t<\/h1>\n\t\t\t\t\t\t<\/div>\n\t\t\t\t\t\n\t\t\t\t\t\t\t\t\t\t\t<div class=\"bdt-slider-excerpt\" bdt-slideshow-parallax=\"x: 300,-300; opacity: 1,1,0\">\n\t\t\t\t\t\t\t<p>Pe\u00e7as intemporais, exclusivas ou para o dia-a-dia.<\/p><p>Na qualidade que nos \u00e9 reconhecida.<\/p>\t\t\t\t\t\t<\/div>\n\t\t\t\t\t\n\t\t\t\t\t<div bdt-slideshow-parallax=\"x: 400,-400; opacity: 1,1,0\">\n\t\t\t\t\t\t\n\t\t\n\t\t\t<a class=\"bdt-ps-dragon-button\" href=\"https:\/\/botoesdino.com\/?page_id=17\">\n\n\t\t\t\t\t\t\t\t\n\t\t\t\t<div class=\"bdt-ps-button\">\n\t\t\t\t\t<div class=\"bdt-ps-button-text\">Bot\u00f5es<\/div>\n\t\t\t\t\t\n\t\t\t\t\t<div class=\"bdt-ps-button-wrapper\">\n\t\t\t\t\t\t<div class=\"bdt-ps-button-arrow\"><\/div>\n\t\t\t\t\t\t<div class=\"bdt-ps-button-border-circle\"><\/div>\n\t\t\t\t\t\t<div class=\"bdt-ps-button-mask-circle\">\n\t\t\t\t\t\t<div class=\"bdt-ps-button-small-circle\"><\/div>\n\t\t\t\t\t\t<\/div>\n\t\t\t\t\t<\/div>\n\t\t\t\t<\/div>\n\n\t\t\t<\/a>\n\t\t\t\t\t\t\t<\/div>\n\t\t\t\t\t\t\n\t\t\t\t<\/div>\n\t\t\t<\/div>\n\n        \n            <\/li>\n\n        \n            <li class=\"bdt-slideshow-item bdt-flex bdt-flex-middle elementor-repeater-item-687b0aa\">\n\n\t\t\t\t<div class=\"bdt-ps-dragon-bg\">\n\t\t\t\t\t\n\t\t<div class=\"bdt-ps-slide-img\" style=\"background-image: url('https:\/\/botoesdino.com\/wp-content\/uploads\/2022\/03\/knitted-3255076_1280.jpg')\"><\/div>\n\n\t\t\t\t\t\t<\/div>\n\n\t\t\t\t<div class=\"bdt-ps-dragon-slide-image\">\n\t\t\t\t\t\n\t\t<div class=\"bdt-ps-slide-img\" style=\"background-image: url('https:\/\/botoesdino.com\/wp-content\/uploads\/2022\/03\/knitted-3255076_1280.jpg')\"><\/div>\n\n\t\t\t\t\t\t<\/div>\n\n\t\t\t\t\t\t\t\t\n\t\t\t\t\t\t\t<div class=\"bdt-prime-slider-wrapper\">\n\t\t\t\t<div class=\"bdt-prime-slider-content\">\n\n\t\t\t\t\t\t\t\t\t\t\t<div class=\"bdt-sub-title\">\n\t\t\t\t\t\t\t<h4 class=\"bdt-sub-title-inner\" bdt-slideshow-parallax=\"x: 100,-100; opacity: 1,1,0\">\n\t\t\t\t\t\t\t\tas suas pe\u00e7as de referencia\t\t\t\t\t\t\t<\/h4>\n\t\t\t\t\t\t<\/div>\n\t\t\t\t\t\n\t\t\t\t\t\t\t\t\t\t\t<div class=\"bdt-main-title\">\n\t\t\t\t\t\t\t<h1 class=\"bdt-title-tag\"  bdt-slideshow-parallax=\"x: 200,-200; opacity: 1,1,0\">\n\t\t\t\t\t\t\t\t\t\t\t\t\t\t\t\t\t<a href=\"https:\/\/botoesdino.com\/?page_id=19\">\n\t\t\t\t\t\t\t\t\t\t\t\t\t\t\t\t\t\t<span class=\"frist-word\">Fechos<\/span> \t\t\t\t\t\t\t\t\t\t\t\t\t\t\t\t\t\t<\/a>\n\t\t\t\t\t\t\t\t\t\t\t\t\t\t\t<\/h1>\n\t\t\t\t\t\t<\/div>\n\t\t\t\t\t\n\t\t\t\t\t\t\t\t\t\t\t<div class=\"bdt-slider-excerpt\" bdt-slideshow-parallax=\"x: 300,-300; opacity: 1,1,0\">\n\t\t\t\t\t\t\t<p>A variedade e seguran\u00e7a que nois caracteriza.<\/p>\t\t\t\t\t\t<\/div>\n\t\t\t\t\t\n\t\t\t\t\t<div bdt-slideshow-parallax=\"x: 400,-400; opacity: 1,1,0\">\n\t\t\t\t\t\t\n\t\t\n\t\t\t<a class=\"bdt-ps-dragon-button\" href=\"https:\/\/botoesdino.com\/?page_id=19\">\n\n\t\t\t\t\t\t\t\t\n\t\t\t\t<div class=\"bdt-ps-button\">\n\t\t\t\t\t<div class=\"bdt-ps-button-text\">Fechos<\/div>\n\t\t\t\t\t\n\t\t\t\t\t<div class=\"bdt-ps-button-wrapper\">\n\t\t\t\t\t\t<div class=\"bdt-ps-button-arrow\"><\/div>\n\t\t\t\t\t\t<div class=\"bdt-ps-button-border-circle\"><\/div>\n\t\t\t\t\t\t<div class=\"bdt-ps-button-mask-circle\">\n\t\t\t\t\t\t<div class=\"bdt-ps-button-small-circle\"><\/div>\n\t\t\t\t\t\t<\/div>\n\t\t\t\t\t<\/div>\n\t\t\t\t<\/div>\n\n\t\t\t<\/a>\n\t\t\t\t\t\t\t<\/div>\n\t\t\t\t\t\t\n\t\t\t\t<\/div>\n\t\t\t<\/div>\n\n        \n            <\/li>\n\n        \n                <\/ul>\n\n                            \n                <ul class=\"bdt-dotnav bdt-dotnav-vertical\">\n\n                                        <li bdt-slideshow-item=\"0\" data-label=\"01\" ><a href=\"#\"><\/a><\/li>\n                                        <li bdt-slideshow-item=\"1\" data-label=\"02\" ><a href=\"#\"><\/a><\/li>\n                                        <li bdt-slideshow-item=\"2\" data-label=\"03\" ><a href=\"#\"><\/a><\/li>\n                                        \n                <\/ul>\n\n            \n        \t\t\t\t\n            <\/div>\n\t\t\t\n\t\t\t<div class=\"bdt-prime-slider-social-icon\">\n\n\t\t\t\t\n\t\t\t\t\t<a href=\"https:\/\/www.facebook.com\/botoes.dino\" target=\"_blank\">\n\t\t\t\t\t\t<span class=\"bdt-social-share-title\">\n\t\t\t\t\t\t\tFacebook\t\t\t\t\t\t<\/span>\n\t\t\t\t\t<\/a>\n\t\t\t\t\t\n\t\t\t\t\n\t\t\t\t\t<a href=\"http:\/\/www.pinterest.com\/botoes_dino\" target=\"_blank\">\n\t\t\t\t\t\t<span class=\"bdt-social-share-title\">\n\t\t\t\t\t\t\tPinterest\t\t\t\t\t\t<\/span>\n\t\t\t\t\t<\/a>\n\t\t\t\t\t\n\t\t\t\t\n\t\t\t\t\t<a href=\"https:\/\/www.instagram.com\/marketing.rmatexteis\/\" target=\"_blank\">\n\t\t\t\t\t\t<span class=\"bdt-social-share-title\">\n\t\t\t\t\t\t\tInstagram\t\t\t\t\t\t<\/span>\n\t\t\t\t\t<\/a>\n\t\t\t\t\t\n\t\t\t\t\n\t\t\t<\/div>\n\n\t\t\t\t<\/div>\n        \t\t<\/div>\n\t\t\t\t<\/div>\n\t\t\t\t\t<\/div>\n\t\t<\/div>\n\t\t\t\t\t\t\t<\/div>\n\t\t<\/section>\n\t\t\t\t<section class=\"elementor-section elementor-top-section elementor-element elementor-element-f8f200d elementor-section-content-middle elementor-reverse-mobile elementor-section-boxed elementor-section-height-default elementor-section-height-default\" data-id=\"f8f200d\" data-element_type=\"section\">\n\t\t\t\t\t\t<div class=\"elementor-container elementor-column-gap-no\">\n\t\t\t\t\t<div class=\"elementor-column elementor-col-50 elementor-top-column elementor-element elementor-element-7e5557f3\" data-id=\"7e5557f3\" data-element_type=\"column\">\n\t\t\t<div class=\"elementor-widget-wrap elementor-element-populated\">\n\t\t\t\t\t\t\t\t<div class=\"elementor-element elementor-element-1ed8e17c elementor-widget elementor-widget-heading\" data-id=\"1ed8e17c\" data-element_type=\"widget\" data-widget_type=\"heading.default\">\n\t\t\t\t<div class=\"elementor-widget-container\">\n\t\t\t<style>\/*! elementor - v3.5.6 - 28-02-2022 *\/\n.elementor-heading-title{padding:0;margin:0;line-height:1}.elementor-widget-heading .elementor-heading-title[class*=elementor-size-]>a{color:inherit;font-size:inherit;line-height:inherit}.elementor-widget-heading .elementor-heading-title.elementor-size-small{font-size:15px}.elementor-widget-heading .elementor-heading-title.elementor-size-medium{font-size:19px}.elementor-widget-heading .elementor-heading-title.elementor-size-large{font-size:29px}.elementor-widget-heading .elementor-heading-title.elementor-size-xl{font-size:39px}.elementor-widget-heading .elementor-heading-title.elementor-size-xxl{font-size:59px}<\/style><h4 class=\"elementor-heading-title elementor-size-default\">Sobre N\u00f3s<\/h4>\t\t<\/div>\n\t\t\t\t<\/div>\n\t\t\t\t<div class=\"elementor-element elementor-element-107d2466 elementor-widget elementor-widget-text-editor\" data-id=\"107d2466\" data-element_type=\"widget\" data-widget_type=\"text-editor.default\">\n\t\t\t\t<div class=\"elementor-widget-container\">\n\t\t\t<style>\/*! elementor - v3.5.6 - 28-02-2022 *\/\n.elementor-widget-text-editor.elementor-drop-cap-view-stacked .elementor-drop-cap{background-color:#818a91;color:#fff}.elementor-widget-text-editor.elementor-drop-cap-view-framed .elementor-drop-cap{color:#818a91;border:3px solid;background-color:transparent}.elementor-widget-text-editor:not(.elementor-drop-cap-view-default) .elementor-drop-cap{margin-top:8px}.elementor-widget-text-editor:not(.elementor-drop-cap-view-default) .elementor-drop-cap-letter{width:1em;height:1em}.elementor-widget-text-editor .elementor-drop-cap{float:left;text-align:center;line-height:1;font-size:50px}.elementor-widget-text-editor .elementor-drop-cap-letter{display:inline-block}<\/style>\t\t\t\t<p><span style=\"color: #232323; font-family: Jost, sans-serif; font-size: 19.2px;\">Somos uma empresa com 70 anos de experi\u00eancia no mercado do t\u00eaxtil, colaboramos com a ind\u00fastria na busca da melhor solu\u00e7\u00e3o.\u00a0<\/span><br style=\"user-select: auto; color: #232323; font-family: Jost, sans-serif; font-size: 19.2px;\" \/><br style=\"user-select: auto; color: #232323; font-family: Jost, sans-serif; font-size: 19.2px;\" \/><span style=\"color: #232323; font-family: Jost, sans-serif; font-size: 19.2px;\">Entre em contacto e apresentamos a solu\u00e7\u00e3o para os seus projectos.<\/span><\/p>\t\t\t\t\t\t<\/div>\n\t\t\t\t<\/div>\n\t\t\t\t\t<\/div>\n\t\t<\/div>\n\t\t\t\t<div class=\"elementor-column elementor-col-50 elementor-top-column elementor-element elementor-element-6facfa78\" data-id=\"6facfa78\" data-element_type=\"column\">\n\t\t\t<div class=\"elementor-widget-wrap elementor-element-populated\">\n\t\t\t\t\t\t\t\t<div class=\"elementor-element elementor-element-74e45d28 elementor-widget elementor-widget-image\" data-id=\"74e45d28\" data-element_type=\"widget\" data-widget_type=\"image.default\">\n\t\t\t\t<div class=\"elementor-widget-container\">\n\t\t\t<style>\/*! elementor - v3.5.6 - 28-02-2022 *\/\n.elementor-widget-image{text-align:center}.elementor-widget-image a{display:inline-block}.elementor-widget-image a img[src$=\".svg\"]{width:48px}.elementor-widget-image img{vertical-align:middle;display:inline-block}<\/style>\t\t\t\t\t\t\t\t\t\t\t\t<img width=\"1280\" height=\"847\" src=\"https:\/\/botoesdino.com\/wp-content\/uploads\/2022\/03\/buttons-19755_1280.jpg\" class=\"attachment-full size-full\" alt=\"\" srcset=\"https:\/\/botoesdino.com\/wp-content\/uploads\/2022\/03\/buttons-19755_1280.jpg 1280w, https:\/\/botoesdino.com\/wp-content\/uploads\/2022\/03\/buttons-19755_1280-300x199.jpg 300w, https:\/\/botoesdino.com\/wp-content\/uploads\/2022\/03\/buttons-19755_1280-1024x678.jpg 1024w, https:\/\/botoesdino.com\/wp-content\/uploads\/2022\/03\/buttons-19755_1280-768x508.jpg 768w\" sizes=\"(max-width: 1280px) 100vw, 1280px\" \/>\t\t\t\t\t\t\t\t\t\t\t\t\t\t\t<\/div>\n\t\t\t\t<\/div>\n\t\t\t\t\t<\/div>\n\t\t<\/div>\n\t\t\t\t\t\t\t<\/div>\n\t\t<\/section>\n\t\t\t\t\t\t<\/div>\n\t\t\t\t\t<\/div>\n\t\t","protected":false},"excerpt":{"rendered":"<p>O acrescento perfeito Acess\u00f3rios O acabamento fundamental para as suas pe\u00e7as. Acess\u00f3rios a qualidade que diferencia Bot\u00f5es Pe\u00e7as intemporais, exclusivas ou para o dia-a-dia. Na qualidade que nos \u00e9 reconhecida. Bot\u00f5es as suas pe\u00e7as de referencia Fechos A variedade e seguran\u00e7a que nois caracteriza. Fechos Facebook Pinterest Instagram Sobre N\u00f3s Somos uma empresa com 70 [&hellip;]<\/p>\n","protected":false},"author":1,"featured_media":0,"parent":0,"menu_order":0,"comment_status":"closed","ping_status":"closed","template":"","meta":[],"yoast_head":"<!-- This site is optimized with the Yoast SEO plugin v18.3 - https:\/\/yoast.com\/wordpress\/plugins\/seo\/ -->\r\n<title>Bot\u00f5es Dino - Bot\u00f5es Dino<\/title>\r\n<meta name=\"robots\" content=\"index, follow, max-snippet:-1, max-image-preview:large, max-video-preview:-1\" \/>\r\n<link rel=\"canonical\" href=\"https:\/\/botoesdino.com\/\" \/>\r\n<meta property=\"og:locale\" content=\"pt_PT\" \/>\r\n<meta property=\"og:type\" content=\"article\" \/>\r\n<meta property=\"og:title\" content=\"Bot\u00f5es Dino - Bot\u00f5es Dino\" \/>\r\n<meta property=\"og:description\" content=\"O acrescento perfeito Acess\u00f3rios O acabamento fundamental para as suas pe\u00e7as. Acess\u00f3rios a qualidade que diferencia Bot\u00f5es Pe\u00e7as intemporais, exclusivas ou para o dia-a-dia. Na qualidade que nos \u00e9 reconhecida. Bot\u00f5es as suas pe\u00e7as de referencia Fechos A variedade e seguran\u00e7a que nois caracteriza. Fechos Facebook Pinterest Instagram Sobre N\u00f3s Somos uma empresa com 70 [&hellip;]\" \/>\r\n<meta property=\"og:url\" content=\"https:\/\/botoesdino.com\/\" \/>\r\n<meta property=\"og:site_name\" content=\"Bot\u00f5es Dino\" \/>\r\n<meta property=\"article:publisher\" content=\"https:\/\/www.facebook.com\/botoes.dino\" \/>\r\n<meta property=\"article:modified_time\" content=\"2022-03-08T16:13:28+00:00\" \/>\r\n<meta property=\"og:image\" content=\"https:\/\/botoesdino.com\/wp-content\/uploads\/2022\/03\/buttons-19755_1280.jpg\" \/>\r\n<meta name=\"twitter:card\" content=\"summary_large_image\" \/>\r\n<script type=\"application\/ld+json\" class=\"yoast-schema-graph\">{\"@context\":\"https:\/\/schema.org\",\"@graph\":[{\"@type\":\"Organization\",\"@id\":\"https:\/\/botoesdino.com\/#organization\",\"name\":\"Bot\u00f5es DIno\",\"url\":\"https:\/\/botoesdino.com\/\",\"sameAs\":[\"https:\/\/www.facebook.com\/botoes.dino\",\"https:\/\/www.instagram.com\/marketing.rmatexteis\/\",\"http:\/\/www.pinterest.com\/botoes_dino\"],\"logo\":{\"@type\":\"ImageObject\",\"@id\":\"https:\/\/botoesdino.com\/#logo\",\"inLanguage\":\"pt-PT\",\"url\":\"https:\/\/botoesdino.com\/wp-content\/uploads\/2022\/03\/botes-dino-ang-br-143x143-1.png\",\"contentUrl\":\"https:\/\/botoesdino.com\/wp-content\/uploads\/2022\/03\/botes-dino-ang-br-143x143-1.png\",\"width\":143,\"height\":143,\"caption\":\"Bot\u00f5es DIno\"},\"image\":{\"@id\":\"https:\/\/botoesdino.com\/#logo\"}},{\"@type\":\"WebSite\",\"@id\":\"https:\/\/botoesdino.com\/#website\",\"url\":\"https:\/\/botoesdino.com\/\",\"name\":\"Bot\u00f5es Dino\",\"description\":\"Um Mundo de acess\u00f3rios texteis\",\"publisher\":{\"@id\":\"https:\/\/botoesdino.com\/#organization\"},\"potentialAction\":[{\"@type\":\"SearchAction\",\"target\":{\"@type\":\"EntryPoint\",\"urlTemplate\":\"https:\/\/botoesdino.com\/?s={search_term_string}\"},\"query-input\":\"required name=search_term_string\"}],\"inLanguage\":\"pt-PT\"},{\"@type\":\"ImageObject\",\"@id\":\"https:\/\/botoesdino.com\/#primaryimage\",\"inLanguage\":\"pt-PT\",\"url\":\"https:\/\/botoesdino.com\/wp-content\/uploads\/2022\/03\/buttons-19755_1280.jpg\",\"contentUrl\":\"https:\/\/botoesdino.com\/wp-content\/uploads\/2022\/03\/buttons-19755_1280.jpg\",\"width\":1280,\"height\":847},{\"@type\":\"WebPage\",\"@id\":\"https:\/\/botoesdino.com\/#webpage\",\"url\":\"https:\/\/botoesdino.com\/\",\"name\":\"Bot\u00f5es Dino - Bot\u00f5es Dino\",\"isPartOf\":{\"@id\":\"https:\/\/botoesdino.com\/#website\"},\"primaryImageOfPage\":{\"@id\":\"https:\/\/botoesdino.com\/#primaryimage\"},\"datePublished\":\"2022-03-02T16:48:31+00:00\",\"dateModified\":\"2022-03-08T16:13:28+00:00\",\"breadcrumb\":{\"@id\":\"https:\/\/botoesdino.com\/#breadcrumb\"},\"inLanguage\":\"pt-PT\",\"potentialAction\":[{\"@type\":\"ReadAction\",\"target\":[\"https:\/\/botoesdino.com\/\"]}]},{\"@type\":\"BreadcrumbList\",\"@id\":\"https:\/\/botoesdino.com\/#breadcrumb\",\"itemListElement\":[{\"@type\":\"ListItem\",\"position\":1,\"name\":\"In\u00edcio\",\"item\":\"https:\/\/botoesdino.com\/\"},{\"@type\":\"ListItem\",\"position\":2,\"name\":\"Bot\u00f5es Dino\"}]}]}<\/script>\r\n<!-- \/ Yoast SEO plugin. -->","yoast_head_json":{"title":"Bot\u00f5es Dino - Bot\u00f5es Dino","robots":{"index":"index","follow":"follow","max-snippet":"max-snippet:-1","max-image-preview":"max-image-preview:large","max-video-preview":"max-video-preview:-1"},"canonical":"https:\/\/botoesdino.com\/","og_locale":"pt_PT","og_type":"article","og_title":"Bot\u00f5es Dino - Bot\u00f5es Dino","og_description":"O acrescento perfeito Acess\u00f3rios O acabamento fundamental para as suas pe\u00e7as. Acess\u00f3rios a qualidade que diferencia Bot\u00f5es Pe\u00e7as intemporais, exclusivas ou para o dia-a-dia. Na qualidade que nos \u00e9 reconhecida. Bot\u00f5es as suas pe\u00e7as de referencia Fechos A variedade e seguran\u00e7a que nois caracteriza. Fechos Facebook Pinterest Instagram Sobre N\u00f3s Somos uma empresa com 70 [&hellip;]","og_url":"https:\/\/botoesdino.com\/","og_site_name":"Bot\u00f5es Dino","article_publisher":"https:\/\/www.facebook.com\/botoes.dino","article_modified_time":"2022-03-08T16:13:28+00:00","og_image":[{"url":"https:\/\/botoesdino.com\/wp-content\/uploads\/2022\/03\/buttons-19755_1280.jpg"}],"twitter_card":"summary_large_image","schema":{"@context":"https:\/\/schema.org","@graph":[{"@type":"Organization","@id":"https:\/\/botoesdino.com\/#organization","name":"Bot\u00f5es DIno","url":"https:\/\/botoesdino.com\/","sameAs":["https:\/\/www.facebook.com\/botoes.dino","https:\/\/www.instagram.com\/marketing.rmatexteis\/","http:\/\/www.pinterest.com\/botoes_dino"],"logo":{"@type":"ImageObject","@id":"https:\/\/botoesdino.com\/#logo","inLanguage":"pt-PT","url":"https:\/\/botoesdino.com\/wp-content\/uploads\/2022\/03\/botes-dino-ang-br-143x143-1.png","contentUrl":"https:\/\/botoesdino.com\/wp-content\/uploads\/2022\/03\/botes-dino-ang-br-143x143-1.png","width":143,"height":143,"caption":"Bot\u00f5es DIno"},"image":{"@id":"https:\/\/botoesdino.com\/#logo"}},{"@type":"WebSite","@id":"https:\/\/botoesdino.com\/#website","url":"https:\/\/botoesdino.com\/","name":"Bot\u00f5es Dino","description":"Um Mundo de acess\u00f3rios texteis","publisher":{"@id":"https:\/\/botoesdino.com\/#organization"},"potentialAction":[{"@type":"SearchAction","target":{"@type":"EntryPoint","urlTemplate":"https:\/\/botoesdino.com\/?s={search_term_string}"},"query-input":"required name=search_term_string"}],"inLanguage":"pt-PT"},{"@type":"ImageObject","@id":"https:\/\/botoesdino.com\/#primaryimage","inLanguage":"pt-PT","url":"https:\/\/botoesdino.com\/wp-content\/uploads\/2022\/03\/buttons-19755_1280.jpg","contentUrl":"https:\/\/botoesdino.com\/wp-content\/uploads\/2022\/03\/buttons-19755_1280.jpg","width":1280,"height":847},{"@type":"WebPage","@id":"https:\/\/botoesdino.com\/#webpage","url":"https:\/\/botoesdino.com\/","name":"Bot\u00f5es Dino - Bot\u00f5es Dino","isPartOf":{"@id":"https:\/\/botoesdino.com\/#website"},"primaryImageOfPage":{"@id":"https:\/\/botoesdino.com\/#primaryimage"},"datePublished":"2022-03-02T16:48:31+00:00","dateModified":"2022-03-08T16:13:28+00:00","breadcrumb":{"@id":"https:\/\/botoesdino.com\/#breadcrumb"},"inLanguage":"pt-PT","potentialAction":[{"@type":"ReadAction","target":["https:\/\/botoesdino.com\/"]}]},{"@type":"BreadcrumbList","@id":"https:\/\/botoesdino.com\/#breadcrumb","itemListElement":[{"@type":"ListItem","position":1,"name":"In\u00edcio","item":"https:\/\/botoesdino.com\/"},{"@type":"ListItem","position":2,"name":"Bot\u00f5es Dino"}]}]}},"_links":{"self":[{"href":"https:\/\/botoesdino.com\/index.php?rest_route=\/wp\/v2\/pages\/24"}],"collection":[{"href":"https:\/\/botoesdino.com\/index.php?rest_route=\/wp\/v2\/pages"}],"about":[{"href":"https:\/\/botoesdino.com\/index.php?rest_route=\/wp\/v2\/types\/page"}],"author":[{"embeddable":true,"href":"https:\/\/botoesdino.com\/index.php?rest_route=\/wp\/v2\/users\/1"}],"replies":[{"embeddable":true,"href":"https:\/\/botoesdino.com\/index.php?rest_route=%2Fwp%2Fv2%2Fcomments&post=24"}],"version-history":[{"count":26,"href":"https:\/\/botoesdino.com\/index.php?rest_route=\/wp\/v2\/pages\/24\/revisions"}],"predecessor-version":[{"id":268,"href":"https:\/\/botoesdino.com\/index.php?rest_route=\/wp\/v2\/pages\/24\/revisions\/268"}],"wp:attachment":[{"href":"https:\/\/botoesdino.com\/index.php?rest_route=%2Fwp%2Fv2%2Fmedia&parent=24"}],"curies":[{"name":"wp","href":"https:\/\/api.w.org\/{rel}","templated":true}]}}